{"id":11,"date":"2023-12-09T21:35:34","date_gmt":"2023-12-09T21:35:34","guid":{"rendered":"https:\/\/apoloway.com\/?page_id=11"},"modified":"2024-01-23T19:58:30","modified_gmt":"2024-01-23T19:58:30","slug":"apolo-way","status":"publish","type":"page","link":"https:\/\/apoloway.com\/en\/apolo-way\/","title":{"rendered":"Apollo Way"},"content":{"rendered":"<div data-elementor-type=\"wp-page\" data-elementor-id=\"11\" class=\"elementor elementor-11\" data-elementor-settings=\"{&quot;ha_cmc_init_switcher&quot;:&quot;no&quot;}\" data-elementor-post-type=\"page\">\n\t\t\t\t\t\t<section class=\"elementor-section elementor-top-section elementor-element elementor-element-cd331e6 elementor-section-content-middle elementor-section-height-min-height elementor-section-boxed elementor-section-height-default elementor-section-items-middle\" data-id=\"cd331e6\" data-element_type=\"section\" data-e-type=\"section\" data-settings=\"{&quot;background_background&quot;:&quot;classic&quot;,&quot;shape_divider_bottom&quot;:&quot;opacity-fan&quot;,&quot;_ha_eqh_enable&quot;:false}\">\n\t\t\t\t\t\t\t<div class=\"elementor-background-overlay\"><\/div>\n\t\t\t\t\t\t<div class=\"elementor-shape elementor-shape-bottom\" aria-hidden=\"true\" data-negative=\"false\">\n\t\t\t<svg xmlns=\"http:\/\/www.w3.org\/2000\/svg\" viewbox=\"0 0 283.5 19.6\" preserveaspectratio=\"none\">\n\t<path class=\"elementor-shape-fill\" style=\"opacity:0.33\" d=\"M0 0L0 18.8 141.8 4.1 283.5 18.8 283.5 0z\"\/>\n\t<path class=\"elementor-shape-fill\" style=\"opacity:0.33\" d=\"M0 0L0 12.6 141.8 4 283.5 12.6 283.5 0z\"\/>\n\t<path class=\"elementor-shape-fill\" style=\"opacity:0.33\" d=\"M0 0L0 6.4 141.8 4 283.5 6.4 283.5 0z\"\/>\n\t<path class=\"elementor-shape-fill\" d=\"M0 0L0 1.2 141.8 4 283.5 1.2 283.5 0z\"\/>\n<\/svg>\t\t<\/div>\n\t\t\t\t\t<div class=\"elementor-container elementor-column-gap-default\">\n\t\t\t\t\t<div class=\"elementor-column elementor-col-100 elementor-top-column elementor-element elementor-element-5d420cd\" data-id=\"5d420cd\" data-element_type=\"column\" data-e-type=\"column\">\n\t\t\t<div class=\"elementor-widget-wrap\">\n\t\t\t\t\t\t\t<\/div>\n\t\t<\/div>\n\t\t\t\t\t<\/div>\n\t\t<\/section>\n\t\t\t\t<section class=\"elementor-section elementor-top-section elementor-element elementor-element-9379dac elementor-section-boxed elementor-section-height-default elementor-section-height-default\" data-id=\"9379dac\" data-element_type=\"section\" data-e-type=\"section\" data-settings=\"{&quot;_ha_eqh_enable&quot;:false}\">\n\t\t\t\t\t\t<div class=\"elementor-container elementor-column-gap-default\">\n\t\t\t\t\t<div class=\"elementor-column elementor-col-20 elementor-top-column elementor-element elementor-element-d2bebdd\" data-id=\"d2bebdd\" data-element_type=\"column\" data-e-type=\"column\">\n\t\t\t<div class=\"elementor-widget-wrap\">\n\t\t\t\t\t\t\t<\/div>\n\t\t<\/div>\n\t\t\t\t<div class=\"elementor-column elementor-col-20 elementor-top-column elementor-element elementor-element-6c45f45\" data-id=\"6c45f45\" data-element_type=\"column\" data-e-type=\"column\">\n\t\t\t<div class=\"elementor-widget-wrap\">\n\t\t\t\t\t\t\t<\/div>\n\t\t<\/div>\n\t\t\t\t<div class=\"elementor-column elementor-col-20 elementor-top-column elementor-element elementor-element-fc1b788 elementor-invisible\" data-id=\"fc1b788\" data-element_type=\"column\" data-e-type=\"column\" data-settings=\"{&quot;background_background&quot;:&quot;classic&quot;,&quot;animation&quot;:&quot;slideInDown&quot;}\">\n\t\t\t<div class=\"elementor-widget-wrap elementor-element-populated\">\n\t\t\t\t\t\t<div class=\"elementor-element elementor-element-5186c58 elementor-widget elementor-widget-image\" data-id=\"5186c58\" data-element_type=\"widget\" data-e-type=\"widget\" data-widget_type=\"image.default\">\n\t\t\t\t<div class=\"elementor-widget-container\">\n\t\t\t\t\t\t\t\t\t\t\t\t\t\t\t\t<a href=\"https:\/\/vvtrafficdata.com\/\">\n\t\t\t\t\t\t\t<img fetchpriority=\"high\" decoding=\"async\" width=\"1622\" height=\"866\" src=\"https:\/\/apoloway.com\/wp-content\/uploads\/2024\/01\/vertical_azul-1.png\" class=\"attachment-full size-full wp-image-1713\" alt=\"\" srcset=\"https:\/\/apoloway.com\/wp-content\/uploads\/2024\/01\/vertical_azul-1.png 1622w, https:\/\/apoloway.com\/wp-content\/uploads\/2024\/01\/vertical_azul-1-300x160.png 300w, https:\/\/apoloway.com\/wp-content\/uploads\/2024\/01\/vertical_azul-1-1024x547.png 1024w, https:\/\/apoloway.com\/wp-content\/uploads\/2024\/01\/vertical_azul-1-768x410.png 768w, https:\/\/apoloway.com\/wp-content\/uploads\/2024\/01\/vertical_azul-1-1536x820.png 1536w, https:\/\/apoloway.com\/wp-content\/uploads\/2024\/01\/vertical_azul-1-18x10.png 18w\" sizes=\"(max-width: 1622px) 100vw, 1622px\" \/>\t\t\t\t\t\t\t\t<\/a>\n\t\t\t\t\t\t\t\t\t\t\t\t\t\t\t<\/div>\n\t\t\t\t<\/div>\n\t\t\t\t\t<\/div>\n\t\t<\/div>\n\t\t\t\t<div class=\"elementor-column elementor-col-20 elementor-top-column elementor-element elementor-element-12c0ab7\" data-id=\"12c0ab7\" data-element_type=\"column\" data-e-type=\"column\">\n\t\t\t<div class=\"elementor-widget-wrap\">\n\t\t\t\t\t\t\t<\/div>\n\t\t<\/div>\n\t\t\t\t<div class=\"elementor-column elementor-col-20 elementor-top-column elementor-element elementor-element-fde44d7\" data-id=\"fde44d7\" data-element_type=\"column\" data-e-type=\"column\">\n\t\t\t<div class=\"elementor-widget-wrap\">\n\t\t\t\t\t\t\t<\/div>\n\t\t<\/div>\n\t\t\t\t\t<\/div>\n\t\t<\/section>\n\t\t\t\t<section class=\"elementor-section elementor-top-section elementor-element elementor-element-dc5bfaa elementor-section-boxed elementor-section-height-default elementor-section-height-default\" data-id=\"dc5bfaa\" data-element_type=\"section\" data-e-type=\"section\" data-settings=\"{&quot;_ha_eqh_enable&quot;:false}\">\n\t\t\t\t\t\t<div class=\"elementor-container elementor-column-gap-default\">\n\t\t\t\t\t<div class=\"elementor-column elementor-col-100 elementor-top-column elementor-element elementor-element-bb15342\" data-id=\"bb15342\" data-element_type=\"column\" data-e-type=\"column\">\n\t\t\t<div class=\"elementor-widget-wrap elementor-element-populated\">\n\t\t\t\t\t\t<section class=\"elementor-section elementor-inner-section elementor-element elementor-element-5a6af62 elementor-section-boxed elementor-section-height-default elementor-section-height-default\" data-id=\"5a6af62\" data-element_type=\"section\" data-e-type=\"section\" data-settings=\"{&quot;_ha_eqh_enable&quot;:false}\">\n\t\t\t\t\t\t<div class=\"elementor-container elementor-column-gap-default\">\n\t\t\t\t\t<div class=\"elementor-column elementor-col-33 elementor-inner-column elementor-element elementor-element-66464b7\" data-id=\"66464b7\" data-element_type=\"column\" data-e-type=\"column\">\n\t\t\t<div class=\"elementor-widget-wrap\">\n\t\t\t\t\t\t\t<\/div>\n\t\t<\/div>\n\t\t\t\t<div class=\"elementor-column elementor-col-33 elementor-inner-column elementor-element elementor-element-fa41b98\" data-id=\"fa41b98\" data-element_type=\"column\" data-e-type=\"column\">\n\t\t\t<div class=\"elementor-widget-wrap elementor-element-populated\">\n\t\t\t\t\t\t<div class=\"elementor-element elementor-element-b82fcc4 elementor-align-justify animated-fast elementor-invisible elementor-widget elementor-widget-button\" data-id=\"b82fcc4\" data-element_type=\"widget\" data-e-type=\"widget\" data-settings=\"{&quot;_animation&quot;:&quot;fadeInUp&quot;,&quot;_animation_delay&quot;:300}\" data-widget_type=\"button.default\">\n\t\t\t\t<div class=\"elementor-widget-container\">\n\t\t\t\t\t\t\t\t\t<div class=\"elementor-button-wrapper\">\n\t\t\t\t\t<a class=\"elementor-button elementor-button-link elementor-size-lg\" href=\"tel:+351%20961%20733%20799\" target=\"_blank\">\n\t\t\t\t\t\t<span class=\"elementor-button-content-wrapper\">\n\t\t\t\t\t\t<span class=\"elementor-button-icon\">\n\t\t\t\t<i aria-hidden=\"true\" class=\"icon icon-phone1\"><\/i>\t\t\t<\/span>\n\t\t\t\t\t\t\t\t\t<span class=\"elementor-button-text\">Contact<\/span>\n\t\t\t\t\t<\/span>\n\t\t\t\t\t<\/a>\n\t\t\t\t<\/div>\n\t\t\t\t\t\t\t\t<\/div>\n\t\t\t\t<\/div>\n\t\t\t\t<div class=\"elementor-element elementor-element-58a6d38 elementor-align-justify animated-fast elementor-invisible elementor-widget elementor-widget-button\" data-id=\"58a6d38\" data-element_type=\"widget\" data-e-type=\"widget\" data-settings=\"{&quot;_animation&quot;:&quot;fadeInUp&quot;,&quot;_animation_delay&quot;:300}\" data-widget_type=\"button.default\">\n\t\t\t\t<div class=\"elementor-widget-container\">\n\t\t\t\t\t\t\t\t\t<div class=\"elementor-button-wrapper\">\n\t\t\t\t\t<a class=\"elementor-button elementor-button-link elementor-size-lg\" href=\"mailto:Info@apoloway.com%20\" target=\"_blank\">\n\t\t\t\t\t\t<span class=\"elementor-button-content-wrapper\">\n\t\t\t\t\t\t<span class=\"elementor-button-icon\">\n\t\t\t\t<i aria-hidden=\"true\" class=\"icon icon-mail\"><\/i>\t\t\t<\/span>\n\t\t\t\t\t\t\t\t\t<span class=\"elementor-button-text\">E-mail<\/span>\n\t\t\t\t\t<\/span>\n\t\t\t\t\t<\/a>\n\t\t\t\t<\/div>\n\t\t\t\t\t\t\t\t<\/div>\n\t\t\t\t<\/div>\n\t\t\t\t<div class=\"elementor-element elementor-element-7b42e11 elementor-align-justify animated-fast elementor-invisible elementor-widget elementor-widget-button\" data-id=\"7b42e11\" data-element_type=\"widget\" data-e-type=\"widget\" data-settings=\"{&quot;_animation&quot;:&quot;fadeInUp&quot;,&quot;_animation_delay&quot;:300}\" data-widget_type=\"button.default\">\n\t\t\t\t<div class=\"elementor-widget-container\">\n\t\t\t\t\t\t\t\t\t<div class=\"elementor-button-wrapper\">\n\t\t\t\t\t<a class=\"elementor-button elementor-button-link elementor-size-lg\" href=\"https:\/\/maps.app.goo.gl\/KWRjNYgfKrK9Hhy89\" target=\"_blank\">\n\t\t\t\t\t\t<span class=\"elementor-button-content-wrapper\">\n\t\t\t\t\t\t<span class=\"elementor-button-icon\">\n\t\t\t\t<i aria-hidden=\"true\" class=\"hm hm-location-pointer\"><\/i>\t\t\t<\/span>\n\t\t\t\t\t\t\t\t\t<span class=\"elementor-button-text\">Localiza\u00e7\u00e3o<\/span>\n\t\t\t\t\t<\/span>\n\t\t\t\t\t<\/a>\n\t\t\t\t<\/div>\n\t\t\t\t\t\t\t\t<\/div>\n\t\t\t\t<\/div>\n\t\t\t\t<div class=\"elementor-element elementor-element-d3eb1b8 elementor-align-justify animated-fast elementor-invisible elementor-widget elementor-widget-button\" data-id=\"d3eb1b8\" data-element_type=\"widget\" data-e-type=\"widget\" data-settings=\"{&quot;_animation&quot;:&quot;fadeInUp&quot;,&quot;_animation_delay&quot;:600}\" data-widget_type=\"button.default\">\n\t\t\t\t<div class=\"elementor-widget-container\">\n\t\t\t\t\t\t\t\t\t<div class=\"elementor-button-wrapper\">\n\t\t\t\t\t<a class=\"elementor-button elementor-button-link elementor-size-lg\" href=\"https:\/\/apoloway.com\/en\/\" target=\"_blank\">\n\t\t\t\t\t\t<span class=\"elementor-button-content-wrapper\">\n\t\t\t\t\t\t<span class=\"elementor-button-icon\">\n\t\t\t\t<svg aria-hidden=\"true\" class=\"e-font-icon-svg e-fas-globe\" viewbox=\"0 0 496 512\" xmlns=\"http:\/\/www.w3.org\/2000\/svg\"><path d=\"M336.5 160C322 70.7 287.8 8 248 8s-74 62.7-88.5 152h177zM152 256c0 22.2 1.2 43.5 3.3 64h185.3c2.1-20.5 3.3-41.8 3.3-64s-1.2-43.5-3.3-64H155.3c-2.1 20.5-3.3 41.8-3.3 64zm324.7-96c-28.6-67.9-86.5-120.4-158-141.6 24.4 33.8 41.2 84.7 50 141.6h108zM177.2 18.4C105.8 39.6 47.8 92.1 19.3 160h108c8.7-56.9 25.5-107.8 49.9-141.6zM487.4 192H372.7c2.1 21 3.3 42.5 3.3 64s-1.2 43-3.3 64h114.6c5.5-20.5 8.6-41.8 8.6-64s-3.1-43.5-8.5-64zM120 256c0-21.5 1.2-43 3.3-64H8.6C3.2 212.5 0 233.8 0 256s3.2 43.5 8.6 64h114.6c-2-21-3.2-42.5-3.2-64zm39.5 96c14.5 89.3 48.7 152 88.5 152s74-62.7 88.5-152h-177zm159.3 141.6c71.4-21.2 129.4-73.7 158-141.6h-108c-8.8 56.9-25.6 107.8-50 141.6zM19.3 352c28.6 67.9 86.5 120.4 158 141.6-24.4-33.8-41.2-84.7-50-141.6h-108z\"><\/path><\/svg>\t\t\t<\/span>\n\t\t\t\t\t\t\t\t\t<span class=\"elementor-button-text\">Website<\/span>\n\t\t\t\t\t<\/span>\n\t\t\t\t\t<\/a>\n\t\t\t\t<\/div>\n\t\t\t\t\t\t\t\t<\/div>\n\t\t\t\t<\/div>\n\t\t\t\t\t<\/div>\n\t\t<\/div>\n\t\t\t\t<div class=\"elementor-column elementor-col-33 elementor-inner-column elementor-element elementor-element-608c71a\" data-id=\"608c71a\" data-element_type=\"column\" data-e-type=\"column\">\n\t\t\t<div class=\"elementor-widget-wrap\">\n\t\t\t\t\t\t\t<\/div>\n\t\t<\/div>\n\t\t\t\t\t<\/div>\n\t\t<\/section>\n\t\t\t\t<div class=\"elementor-element elementor-element-34928f0 elementor-widget elementor-widget-spacer\" data-id=\"34928f0\" data-element_type=\"widget\" data-e-type=\"widget\" data-widget_type=\"spacer.default\">\n\t\t\t\t<div class=\"elementor-widget-container\">\n\t\t\t\t\t\t\t<div class=\"elementor-spacer\">\n\t\t\t<div class=\"elementor-spacer-inner\"><\/div>\n\t\t<\/div>\n\t\t\t\t\t\t<\/div>\n\t\t\t\t<\/div>\n\t\t\t\t\t<\/div>\n\t\t<\/div>\n\t\t\t\t\t<\/div>\n\t\t<\/section>\n\t\t<div class=\"elementor-element elementor-element-f13f641 e-con-full e-flex elementor-invisible e-con e-parent\" data-id=\"f13f641\" data-element_type=\"container\" data-e-type=\"container\" data-settings=\"{&quot;background_background&quot;:&quot;classic&quot;,&quot;animation&quot;:&quot;fadeInUp&quot;,&quot;_ha_eqh_enable&quot;:false}\">\n\t\t\t\t<div class=\"elementor-element elementor-element-4cb1908 elementor-widget elementor-widget-html\" data-id=\"4cb1908\" data-element_type=\"widget\" data-e-type=\"widget\" data-widget_type=\"html.default\">\n\t\t\t\t<div class=\"elementor-widget-container\">\n\t\t\t\t\t<iframe src=\"https:\/\/www.google.com\/maps\/embed?pb=!1m18!1m12!1m3!1d779.3246792098067!2d-8.956920330333235!3d38.61900854823655!2m3!1f0!2f0!3f0!3m2!1i1024!2i768!4f13.1!3m3!1m2!1s0xd19471229e730a7%3A0xea9d1a5f77c7e2e8!2s2950-571%20Q.ta%20do%20Anjo%2C%20Portugal!5e0!3m2!1spt-BR!2sbr!4v1702254146116!5m2!1spt-BR!2sbr\" width=\"100%\" height=\"150\" style=\"border:0;\" allowfullscreen=\"\" loading=\"lazy\" referrerpolicy=\"no-referrer-when-downgrade\"><\/iframe>\t\t\t\t<\/div>\n\t\t\t\t<\/div>\n\t\t\t\t<\/div>\n\t\t\t\t<section class=\"elementor-section elementor-top-section elementor-element elementor-element-33376c5 elementor-section-content-middle elementor-section-full_width elementor-section-height-default elementor-section-height-default elementor-invisible\" data-id=\"33376c5\" data-element_type=\"section\" data-e-type=\"section\" data-settings=\"{&quot;background_background&quot;:&quot;classic&quot;,&quot;animation&quot;:&quot;fadeInUp&quot;,&quot;animation_mobile&quot;:&quot;fadeIn&quot;,&quot;_ha_eqh_enable&quot;:false}\">\n\t\t\t\t\t\t\t<div class=\"elementor-background-overlay\"><\/div>\n\t\t\t\t\t\t\t<div class=\"elementor-container elementor-column-gap-default\">\n\t\t\t\t\t<div class=\"elementor-column elementor-col-100 elementor-top-column elementor-element elementor-element-2885414\" data-id=\"2885414\" data-element_type=\"column\" data-e-type=\"column\">\n\t\t\t<div class=\"elementor-widget-wrap elementor-element-populated\">\n\t\t\t\t\t\t<div class=\"elementor-element elementor-element-d41c7cc elementor-widget elementor-widget-heading\" data-id=\"d41c7cc\" data-element_type=\"widget\" data-e-type=\"widget\" data-widget_type=\"heading.default\">\n\t\t\t\t<div class=\"elementor-widget-container\">\n\t\t\t\t\t<p class=\"elementor-heading-title elementor-size-default\">\u00a9 2023 \/\/\/  <a href=\"https:\/\/vvtrafficdata.com\/\" target=\"_blank\" style=\"font-weight: 600;color: #ffffff\">Apollo Way<\/a> - All rights reserved. <\/br> Este site foi criado por <a href=\"https:\/\/vvtrafficdata.com\/\" target=\"_blank\" style=\"font-weight: 600;color: #ffffff\">VV Traffic Data<\/a> <\/p>\t\t\t\t<\/div>\n\t\t\t\t<\/div>\n\t\t\t\t\t<\/div>\n\t\t<\/div>\n\t\t\t\t\t<\/div>\n\t\t<\/section>\n\t\t\t\t<\/div>","protected":false},"excerpt":{"rendered":"<p>Contacto E-mail Localiza\u00e7\u00e3o Website \u00a9 2023 \/\/\/ Apolo Way &#8211; All rights reserved. Este site foi criado por VV Traffic Data<\/p>","protected":false},"author":1,"featured_media":0,"parent":0,"menu_order":0,"comment_status":"closed","ping_status":"closed","template":"elementor_canvas","meta":{"_acf_changed":false,"footnotes":""},"class_list":["post-11","page","type-page","status-publish","hentry"],"acf":[],"yoast_head":"<!-- This site is optimized with the Yoast SEO plugin v24.0 - https:\/\/yoast.com\/wordpress\/plugins\/seo\/ -->\n<title>Apolo Way - Apolo Way Construtora<\/title>\n<meta name=\"robots\" content=\"index, follow, max-snippet:-1, max-image-preview:large, max-video-preview:-1\" \/>\n<link rel=\"canonical\" href=\"https:\/\/apoloway.com\/en\/apolo-way\/\" \/>\n<meta property=\"og:locale\" content=\"en_US\" \/>\n<meta property=\"og:type\" content=\"article\" \/>\n<meta property=\"og:title\" content=\"Apolo Way - Apolo Way Construtora\" \/>\n<meta property=\"og:description\" content=\"Contacto E-mail Localiza\u00e7\u00e3o Website \u00a9 2023 \/\/\/ Apolo Way &#8211; All rights reserved. Este site foi criado por VV Traffic Data\" \/>\n<meta property=\"og:url\" content=\"https:\/\/apoloway.com\/en\/apolo-way\/\" \/>\n<meta property=\"og:site_name\" content=\"Apolo Way Construtora\" \/>\n<meta property=\"article:publisher\" content=\"https:\/\/www.facebook.com\/ApoloWayOficial\" \/>\n<meta property=\"article:modified_time\" content=\"2024-01-23T19:58:30+00:00\" \/>\n<meta property=\"og:image\" content=\"https:\/\/apoloway.com\/wp-content\/uploads\/2024\/01\/vertical_azul-1.png\" \/>\n<meta name=\"twitter:card\" content=\"summary_large_image\" \/>\n<script type=\"application\/ld+json\" class=\"yoast-schema-graph\">{\"@context\":\"https:\/\/schema.org\",\"@graph\":[{\"@type\":\"WebPage\",\"@id\":\"https:\/\/apoloway.com\/apolo-way\/\",\"url\":\"https:\/\/apoloway.com\/apolo-way\/\",\"name\":\"Apolo Way - Apolo Way Construtora\",\"isPartOf\":{\"@id\":\"https:\/\/apoloway.com\/#website\"},\"primaryImageOfPage\":{\"@id\":\"https:\/\/apoloway.com\/apolo-way\/#primaryimage\"},\"image\":{\"@id\":\"https:\/\/apoloway.com\/apolo-way\/#primaryimage\"},\"thumbnailUrl\":\"https:\/\/apoloway.com\/wp-content\/uploads\/2024\/01\/vertical_azul-1.png\",\"datePublished\":\"2023-12-09T21:35:34+00:00\",\"dateModified\":\"2024-01-23T19:58:30+00:00\",\"breadcrumb\":{\"@id\":\"https:\/\/apoloway.com\/apolo-way\/#breadcrumb\"},\"inLanguage\":\"en-US\",\"potentialAction\":[{\"@type\":\"ReadAction\",\"target\":[\"https:\/\/apoloway.com\/apolo-way\/\"]}]},{\"@type\":\"ImageObject\",\"inLanguage\":\"en-US\",\"@id\":\"https:\/\/apoloway.com\/apolo-way\/#primaryimage\",\"url\":\"https:\/\/apoloway.com\/wp-content\/uploads\/2024\/01\/vertical_azul-1.png\",\"contentUrl\":\"https:\/\/apoloway.com\/wp-content\/uploads\/2024\/01\/vertical_azul-1.png\"},{\"@type\":\"BreadcrumbList\",\"@id\":\"https:\/\/apoloway.com\/apolo-way\/#breadcrumb\",\"itemListElement\":[{\"@type\":\"ListItem\",\"position\":1,\"name\":\"In\u00edcio\",\"item\":\"https:\/\/apoloway.com\/\"},{\"@type\":\"ListItem\",\"position\":2,\"name\":\"Apolo Way\"}]},{\"@type\":\"WebSite\",\"@id\":\"https:\/\/apoloway.com\/#website\",\"url\":\"https:\/\/apoloway.com\/\",\"name\":\"Apolo Way Construtora\",\"description\":\"Apolo Way \u00e9 uma construtora que entende esse sonho. Somos uma empresa especializada na constru\u00e7\u00e3o civil, com uma equipa t\u00e9cnica experiente e qualificada. Com tecnologia de constru\u00e7\u00e3o que o mercado exige, os nossos profissionais s\u00e3o atualizados e preparados. \",\"publisher\":{\"@id\":\"https:\/\/apoloway.com\/#organization\"},\"potentialAction\":[{\"@type\":\"SearchAction\",\"target\":{\"@type\":\"EntryPoint\",\"urlTemplate\":\"https:\/\/apoloway.com\/?s={search_term_string}\"},\"query-input\":{\"@type\":\"PropertyValueSpecification\",\"valueRequired\":true,\"valueName\":\"search_term_string\"}}],\"inLanguage\":\"en-US\"},{\"@type\":\"Organization\",\"@id\":\"https:\/\/apoloway.com\/#organization\",\"name\":\"Apolo Way Construtora\",\"url\":\"https:\/\/apoloway.com\/\",\"logo\":{\"@type\":\"ImageObject\",\"inLanguage\":\"en-US\",\"@id\":\"https:\/\/apoloway.com\/#\/schema\/logo\/image\/\",\"url\":\"https:\/\/apoloway.com\/wp-content\/uploads\/2024\/01\/cropped-vertical_azul-1.png\",\"contentUrl\":\"https:\/\/apoloway.com\/wp-content\/uploads\/2024\/01\/cropped-vertical_azul-1.png\",\"width\":1621,\"height\":865,\"caption\":\"Apolo Way Construtora\"},\"image\":{\"@id\":\"https:\/\/apoloway.com\/#\/schema\/logo\/image\/\"},\"sameAs\":[\"https:\/\/www.facebook.com\/ApoloWayOficial\",\"https:\/\/www.instagram.com\/apolowayoficial\/\",\"https:\/\/www.youtube.com\/@ApoloWayOficial\"]}]}<\/script>\n<!-- \/ Yoast SEO plugin. -->","yoast_head_json":{"title":"Apolo Way - Apolo Way Construtora","robots":{"index":"index","follow":"follow","max-snippet":"max-snippet:-1","max-image-preview":"max-image-preview:large","max-video-preview":"max-video-preview:-1"},"canonical":"https:\/\/apoloway.com\/en\/apolo-way\/","og_locale":"en_US","og_type":"article","og_title":"Apolo Way - Apolo Way Construtora","og_description":"Contacto E-mail Localiza\u00e7\u00e3o Website \u00a9 2023 \/\/\/ Apolo Way &#8211; All rights reserved. Este site foi criado por VV Traffic Data","og_url":"https:\/\/apoloway.com\/en\/apolo-way\/","og_site_name":"Apolo Way Construtora","article_publisher":"https:\/\/www.facebook.com\/ApoloWayOficial","article_modified_time":"2024-01-23T19:58:30+00:00","og_image":[{"url":"https:\/\/apoloway.com\/wp-content\/uploads\/2024\/01\/vertical_azul-1.png","type":"","width":"","height":""}],"twitter_card":"summary_large_image","schema":{"@context":"https:\/\/schema.org","@graph":[{"@type":"WebPage","@id":"https:\/\/apoloway.com\/apolo-way\/","url":"https:\/\/apoloway.com\/apolo-way\/","name":"Apolo Way - Apolo Way Construtora","isPartOf":{"@id":"https:\/\/apoloway.com\/#website"},"primaryImageOfPage":{"@id":"https:\/\/apoloway.com\/apolo-way\/#primaryimage"},"image":{"@id":"https:\/\/apoloway.com\/apolo-way\/#primaryimage"},"thumbnailUrl":"https:\/\/apoloway.com\/wp-content\/uploads\/2024\/01\/vertical_azul-1.png","datePublished":"2023-12-09T21:35:34+00:00","dateModified":"2024-01-23T19:58:30+00:00","breadcrumb":{"@id":"https:\/\/apoloway.com\/apolo-way\/#breadcrumb"},"inLanguage":"en-US","potentialAction":[{"@type":"ReadAction","target":["https:\/\/apoloway.com\/apolo-way\/"]}]},{"@type":"ImageObject","inLanguage":"en-US","@id":"https:\/\/apoloway.com\/apolo-way\/#primaryimage","url":"https:\/\/apoloway.com\/wp-content\/uploads\/2024\/01\/vertical_azul-1.png","contentUrl":"https:\/\/apoloway.com\/wp-content\/uploads\/2024\/01\/vertical_azul-1.png"},{"@type":"BreadcrumbList","@id":"https:\/\/apoloway.com\/apolo-way\/#breadcrumb","itemListElement":[{"@type":"ListItem","position":1,"name":"In\u00edcio","item":"https:\/\/apoloway.com\/"},{"@type":"ListItem","position":2,"name":"Apolo Way"}]},{"@type":"WebSite","@id":"https:\/\/apoloway.com\/#website","url":"https:\/\/apoloway.com\/","name":"Apollo&#039;s Way Is The Construction Company","description":"Apolo Way \u00e9 uma construtora que entende esse sonho. Somos uma empresa especializada na constru\u00e7\u00e3o civil, com uma equipa t\u00e9cnica experiente e qualificada. Com tecnologia de constru\u00e7\u00e3o que o mercado exige, os nossos profissionais s\u00e3o atualizados e preparados.","publisher":{"@id":"https:\/\/apoloway.com\/#organization"},"potentialAction":[{"@type":"SearchAction","target":{"@type":"EntryPoint","urlTemplate":"https:\/\/apoloway.com\/?s={search_term_string}"},"query-input":{"@type":"PropertyValueSpecification","valueRequired":true,"valueName":"search_term_string"}}],"inLanguage":"en-US"},{"@type":"Organization","@id":"https:\/\/apoloway.com\/#organization","name":"Apollo&#039;s Way Is The Construction Company","url":"https:\/\/apoloway.com\/","logo":{"@type":"ImageObject","inLanguage":"en-US","@id":"https:\/\/apoloway.com\/#\/schema\/logo\/image\/","url":"https:\/\/apoloway.com\/wp-content\/uploads\/2024\/01\/cropped-vertical_azul-1.png","contentUrl":"https:\/\/apoloway.com\/wp-content\/uploads\/2024\/01\/cropped-vertical_azul-1.png","width":1621,"height":865,"caption":"Apolo Way Construtora"},"image":{"@id":"https:\/\/apoloway.com\/#\/schema\/logo\/image\/"},"sameAs":["https:\/\/www.facebook.com\/ApoloWayOficial","https:\/\/www.instagram.com\/apolowayoficial\/","https:\/\/www.youtube.com\/@ApoloWayOficial"]}]}},"_links":{"self":[{"href":"https:\/\/apoloway.com\/en\/wp-json\/wp\/v2\/pages\/11","targetHints":{"allow":["GET"]}}],"collection":[{"href":"https:\/\/apoloway.com\/en\/wp-json\/wp\/v2\/pages"}],"about":[{"href":"https:\/\/apoloway.com\/en\/wp-json\/wp\/v2\/types\/page"}],"author":[{"embeddable":true,"href":"https:\/\/apoloway.com\/en\/wp-json\/wp\/v2\/users\/1"}],"replies":[{"embeddable":true,"href":"https:\/\/apoloway.com\/en\/wp-json\/wp\/v2\/comments?post=11"}],"version-history":[{"count":82,"href":"https:\/\/apoloway.com\/en\/wp-json\/wp\/v2\/pages\/11\/revisions"}],"predecessor-version":[{"id":1723,"href":"https:\/\/apoloway.com\/en\/wp-json\/wp\/v2\/pages\/11\/revisions\/1723"}],"wp:attachment":[{"href":"https:\/\/apoloway.com\/en\/wp-json\/wp\/v2\/media?parent=11"}],"curies":[{"name":"wp","href":"https:\/\/api.w.org\/{rel}","templated":true}]}}