{"id":3,"date":"2023-12-09T21:23:27","date_gmt":"2023-12-09T21:23:27","guid":{"rendered":"https:\/\/apoloway.com\/?page_id=3"},"modified":"2023-12-11T00:28:47","modified_gmt":"2023-12-11T00:28:47","slug":"privacy-policy","status":"publish","type":"page","link":"https:\/\/apoloway.com\/de\/privacy-policy\/","title":{"rendered":"Privacy Policy"},"content":{"rendered":"<div data-elementor-type=\"wp-page\" data-elementor-id=\"3\" class=\"elementor elementor-3\" data-elementor-settings=\"{&quot;ha_cmc_init_switcher&quot;:&quot;no&quot;}\" data-elementor-post-type=\"page\">\n\t\t\t\t\t\t<section class=\"elementor-section elementor-top-section elementor-element elementor-element-c4ee577 elementor-section-content-middle elementor-section-height-min-height elementor-section-boxed elementor-section-height-default elementor-section-items-middle\" data-id=\"c4ee577\" data-element_type=\"section\" data-e-type=\"section\" data-settings=\"{&quot;background_background&quot;:&quot;classic&quot;,&quot;shape_divider_bottom&quot;:&quot;opacity-fan&quot;,&quot;_ha_eqh_enable&quot;:false}\">\n\t\t\t\t\t\t\t<div class=\"elementor-background-overlay\"><\/div>\n\t\t\t\t\t\t<div class=\"elementor-shape elementor-shape-bottom\" aria-hidden=\"true\" data-negative=\"false\">\n\t\t\t<svg xmlns=\"http:\/\/www.w3.org\/2000\/svg\" viewbox=\"0 0 283.5 19.6\" preserveaspectratio=\"none\">\n\t<path class=\"elementor-shape-fill\" style=\"opacity:0.33\" d=\"M0 0L0 18.8 141.8 4.1 283.5 18.8 283.5 0z\"\/>\n\t<path class=\"elementor-shape-fill\" style=\"opacity:0.33\" d=\"M0 0L0 12.6 141.8 4 283.5 12.6 283.5 0z\"\/>\n\t<path class=\"elementor-shape-fill\" style=\"opacity:0.33\" d=\"M0 0L0 6.4 141.8 4 283.5 6.4 283.5 0z\"\/>\n\t<path class=\"elementor-shape-fill\" d=\"M0 0L0 1.2 141.8 4 283.5 1.2 283.5 0z\"\/>\n<\/svg>\t\t<\/div>\n\t\t\t\t\t<div class=\"elementor-container elementor-column-gap-default\">\n\t\t\t\t\t<div class=\"elementor-column elementor-col-100 elementor-top-column elementor-element elementor-element-46c9725\" data-id=\"46c9725\" data-element_type=\"column\" data-e-type=\"column\">\n\t\t\t<div class=\"elementor-widget-wrap\">\n\t\t\t\t\t\t\t<\/div>\n\t\t<\/div>\n\t\t\t\t\t<\/div>\n\t\t<\/section>\n\t\t\t\t<section class=\"elementor-section elementor-top-section elementor-element elementor-element-0d0a024 elementor-section-boxed elementor-section-height-default elementor-section-height-default\" data-id=\"0d0a024\" data-element_type=\"section\" data-e-type=\"section\" data-settings=\"{&quot;_ha_eqh_enable&quot;:false}\">\n\t\t\t\t\t\t<div class=\"elementor-container elementor-column-gap-default\">\n\t\t\t\t\t<div class=\"elementor-column elementor-col-20 elementor-top-column elementor-element elementor-element-92127fe\" data-id=\"92127fe\" data-element_type=\"column\" data-e-type=\"column\">\n\t\t\t<div class=\"elementor-widget-wrap\">\n\t\t\t\t\t\t\t<\/div>\n\t\t<\/div>\n\t\t\t\t<div class=\"elementor-column elementor-col-20 elementor-top-column elementor-element elementor-element-666995f\" data-id=\"666995f\" data-element_type=\"column\" data-e-type=\"column\">\n\t\t\t<div class=\"elementor-widget-wrap\">\n\t\t\t\t\t\t\t<\/div>\n\t\t<\/div>\n\t\t\t\t<div class=\"elementor-column elementor-col-20 elementor-top-column elementor-element elementor-element-231549a\" data-id=\"231549a\" data-element_type=\"column\" data-e-type=\"column\">\n\t\t\t<div class=\"elementor-widget-wrap elementor-element-populated\">\n\t\t\t\t\t\t<div class=\"elementor-element elementor-element-caa6d31 elementor-invisible elementor-widget elementor-widget-image\" data-id=\"caa6d31\" data-element_type=\"widget\" data-e-type=\"widget\" data-settings=\"{&quot;_animation&quot;:&quot;zoomIn&quot;}\" data-widget_type=\"image.default\">\n\t\t\t\t<div class=\"elementor-widget-container\">\n\t\t\t\t\t\t\t\t\t\t\t\t\t\t\t\t<a href=\"https:\/\/vvtrafficdata.com\/\">\n\t\t\t\t\t\t\t<img fetchpriority=\"high\" decoding=\"async\" width=\"300\" height=\"300\" src=\"https:\/\/apoloway.com\/wp-content\/uploads\/2023\/12\/logo-links-1-1.png\" class=\"attachment-full size-full wp-image-89\" alt=\"\" srcset=\"https:\/\/apoloway.com\/wp-content\/uploads\/2023\/12\/logo-links-1-1.png 300w, https:\/\/apoloway.com\/wp-content\/uploads\/2023\/12\/logo-links-1-1-150x150.png 150w\" sizes=\"(max-width: 300px) 100vw, 300px\" \/>\t\t\t\t\t\t\t\t<\/a>\n\t\t\t\t\t\t\t\t\t\t\t\t\t\t\t<\/div>\n\t\t\t\t<\/div>\n\t\t\t\t\t<\/div>\n\t\t<\/div>\n\t\t\t\t<div class=\"elementor-column elementor-col-20 elementor-top-column elementor-element elementor-element-802fd6d\" data-id=\"802fd6d\" data-element_type=\"column\" data-e-type=\"column\">\n\t\t\t<div class=\"elementor-widget-wrap\">\n\t\t\t\t\t\t\t<\/div>\n\t\t<\/div>\n\t\t\t\t<div class=\"elementor-column elementor-col-20 elementor-top-column elementor-element elementor-element-cf5fe50\" data-id=\"cf5fe50\" data-element_type=\"column\" data-e-type=\"column\">\n\t\t\t<div class=\"elementor-widget-wrap\">\n\t\t\t\t\t\t\t<\/div>\n\t\t<\/div>\n\t\t\t\t\t<\/div>\n\t\t<\/section>\n\t\t<div class=\"elementor-element elementor-element-2a6880a0 e-flex e-con-boxed e-con e-parent\" data-id=\"2a6880a0\" data-element_type=\"container\" data-e-type=\"container\" data-settings=\"{&quot;_ha_eqh_enable&quot;:false}\">\n\t\t\t\t\t<div class=\"e-con-inner\">\n\t\t\t\t<div class=\"elementor-element elementor-element-71d2dd81 elementor-widget elementor-widget-text-editor\" data-id=\"71d2dd81\" data-element_type=\"widget\" data-e-type=\"widget\" data-widget_type=\"text-editor.default\">\n\t\t\t\t<div class=\"elementor-widget-container\">\n\t\t\t\t\t\t\t\t\t\n<h2 class=\"wp-block-heading\">Who we are<\/h2>\n\n<p>Our website address is: https:\/\/apoloway.com.<\/p>\n\n<h2 class=\"wp-block-heading\">Comments<\/h2>\n\n<p>When visitors leave comments on the site we collect the data shown in the comments form, and also the visitor\u2019s IP address and browser user agent string to help spam detection.<\/p>\n\n<p>An anonymized string created from your email address (also called a hash) may be provided to the Gravatar service to see if you are using it. The Gravatar service privacy policy is available here: https:\/\/automattic.com\/privacy\/. After approval of your comment, your profile picture is visible to the public in the context of your comment.<\/p>\n\n<h2 class=\"wp-block-heading\">Media<\/h2>\n\n<p>If you upload images to the website, you should avoid uploading images with embedded location data (EXIF GPS) included. Visitors to the website can download and extract any location data from images on the website.<\/p>\n\n<h2 class=\"wp-block-heading\">Cookies<\/h2>\n\n<p>If you leave a comment on our site you may opt-in to saving your name, email address and website in cookies. These are for your convenience so that you do not have to fill in your details again when you leave another comment. These cookies will last for one year.<\/p>\n\n<p>If you visit our login page, we will set a temporary cookie to determine if your browser accepts cookies. This cookie contains no personal data and is discarded when you close your browser.<\/p>\n\n<p>When you log in, we will also set up several cookies to save your login information and your screen display choices. Login cookies last for two days, and screen options cookies last for a year. If you select &#8220;Remember Me&#8221;, your login will persist for two weeks. If you log out of your account, the login cookies will be removed.<\/p>\n\n<p>If you edit or publish an article, an additional cookie will be saved in your browser. This cookie includes no personal data and simply indicates the post ID of the article you just edited. It expires after 1 day.<\/p>\n\n<h2 class=\"wp-block-heading\">Embedded content from other websites<\/h2>\n\n<p>Articles on this site may include embedded content (e.g. videos, images, articles, etc.). Embedded content from other websites behaves in the exact same way as if the visitor has visited the other website.<\/p>\n\n<p>These websites may collect data about you, use cookies, embed additional third-party tracking, and monitor your interaction with that embedded content, including tracking your interaction with the embedded content if you have an account and are logged in to that website.<\/p>\n\n<h2 class=\"wp-block-heading\">Who we share your data with<\/h2>\n\n<p>If you request a password reset, your IP address will be included in the reset email.<\/p>\n\n<h2 class=\"wp-block-heading\">How long we retain your data<\/h2>\n\n<p>If you leave a comment, the comment and its metadata are retained indefinitely. This is so we can recognize and approve any follow-up comments automatically instead of holding them in a moderation queue.<\/p>\n\n<p>For users that register on our website (if any), we also store the personal information they provide in their user profile. All users can see, edit, or delete their personal information at any time (except they cannot change their username). Website administrators can also see and edit that information.<\/p>\n\n<h2 class=\"wp-block-heading\">What rights you have over your data<\/h2>\n\n<p>If you have an account on this site, or have left comments, you can request to receive an exported file of the personal data we hold about you, including any data you have provided to us. You can also request that we erase any personal data we hold about you. This does not include any data we are obliged to keep for administrative, legal, or security purposes.<\/p>\n\n<h2 class=\"wp-block-heading\">Where your data is sent<\/h2>\n\n<p>Visitor comments may be checked through an automated spam detection service.<\/p>\n\t\t\t\t\t\t\t\t<\/div>\n\t\t\t\t<\/div>\n\t\t\t\t\t<\/div>\n\t\t\t\t<\/div>\n\t\t\t\t<section class=\"elementor-section elementor-top-section elementor-element elementor-element-4ec7546 elementor-section-content-middle elementor-section-full_width elementor-section-height-default elementor-section-height-default elementor-invisible\" data-id=\"4ec7546\" data-element_type=\"section\" data-e-type=\"section\" data-settings=\"{&quot;background_background&quot;:&quot;classic&quot;,&quot;animation&quot;:&quot;fadeInUp&quot;,&quot;animation_mobile&quot;:&quot;fadeIn&quot;,&quot;_ha_eqh_enable&quot;:false}\">\n\t\t\t\t\t\t\t<div class=\"elementor-background-overlay\"><\/div>\n\t\t\t\t\t\t\t<div class=\"elementor-container elementor-column-gap-default\">\n\t\t\t\t\t<div class=\"elementor-column elementor-col-100 elementor-top-column elementor-element elementor-element-a59974b\" data-id=\"a59974b\" data-element_type=\"column\" data-e-type=\"column\">\n\t\t\t<div class=\"elementor-widget-wrap elementor-element-populated\">\n\t\t\t\t\t\t<div class=\"elementor-element elementor-element-d3e89a7 elementor-widget elementor-widget-heading\" data-id=\"d3e89a7\" data-element_type=\"widget\" data-e-type=\"widget\" data-widget_type=\"heading.default\">\n\t\t\t\t<div class=\"elementor-widget-container\">\n\t\t\t\t\t<p class=\"elementor-heading-title elementor-size-default\">\u00a9 2023 \/\/\/  <a href=\"https:\/\/vvtrafficdata.com\/\" target=\"_blank\" style=\"font-weight: 600;color: #ffffff\">Apolo Way<\/a> - All rights reserved. <\/br> Este site foi criado por <a href=\"https:\/\/vvtrafficdata.com\/\" target=\"_blank\" style=\"font-weight: 600;color: #ffffff\">VV Traffic Data<\/a> <\/p>\t\t\t\t<\/div>\n\t\t\t\t<\/div>\n\t\t\t\t\t<\/div>\n\t\t<\/div>\n\t\t\t\t\t<\/div>\n\t\t<\/section>\n\t\t\t\t<\/div>","protected":false},"excerpt":{"rendered":"<p>Who we are Our website address is: https:\/\/apoloway.com. Comments When visitors leave comments on the site we collect the data shown in the comments form, and also the visitor\u2019s IP address and browser user agent string to help spam detection. An anonymized string created from your email address (also called a hash) may be provided [&hellip;]<\/p>","protected":false},"author":1,"featured_media":0,"parent":0,"menu_order":0,"comment_status":"closed","ping_status":"open","template":"elementor_canvas","meta":{"_acf_changed":false,"footnotes":""},"class_list":["post-3","page","type-page","status-publish","hentry"],"acf":[],"yoast_head":"<!-- This site is optimized with the Yoast SEO plugin v24.0 - https:\/\/yoast.com\/wordpress\/plugins\/seo\/ -->\n<title>Privacy Policy - Apolo Way Construtora<\/title>\n<meta name=\"robots\" content=\"index, follow, max-snippet:-1, max-image-preview:large, max-video-preview:-1\" \/>\n<link rel=\"canonical\" href=\"https:\/\/apoloway.com\/de\/privacy-policy\/\" \/>\n<meta property=\"og:locale\" content=\"de_DE\" \/>\n<meta property=\"og:type\" content=\"article\" \/>\n<meta property=\"og:title\" content=\"Privacy Policy - Apolo Way Construtora\" \/>\n<meta property=\"og:description\" content=\"Who we are Our website address is: https:\/\/apoloway.com. Comments When visitors leave comments on the site we collect the data shown in the comments form, and also the visitor\u2019s IP address and browser user agent string to help spam detection. An anonymized string created from your email address (also called a hash) may be provided [&hellip;]\" \/>\n<meta property=\"og:url\" content=\"https:\/\/apoloway.com\/de\/privacy-policy\/\" \/>\n<meta property=\"og:site_name\" content=\"Apolo Way Construtora\" \/>\n<meta property=\"article:publisher\" content=\"https:\/\/www.facebook.com\/ApoloWayOficial\" \/>\n<meta property=\"article:modified_time\" content=\"2023-12-11T00:28:47+00:00\" \/>\n<meta property=\"og:image\" content=\"https:\/\/apoloway.com\/wp-content\/uploads\/2023\/12\/logo-links-1-1.png\" \/>\n<meta name=\"twitter:card\" content=\"summary_large_image\" \/>\n<meta name=\"twitter:label1\" content=\"Gesch\u00e4tzte Lesezeit\" \/>\n\t<meta name=\"twitter:data1\" content=\"3\u00a0Minuten\" \/>\n<script type=\"application\/ld+json\" class=\"yoast-schema-graph\">{\"@context\":\"https:\/\/schema.org\",\"@graph\":[{\"@type\":\"WebPage\",\"@id\":\"https:\/\/apoloway.com\/privacy-policy\/\",\"url\":\"https:\/\/apoloway.com\/privacy-policy\/\",\"name\":\"Privacy Policy - Apolo Way Construtora\",\"isPartOf\":{\"@id\":\"https:\/\/apoloway.com\/#website\"},\"primaryImageOfPage\":{\"@id\":\"https:\/\/apoloway.com\/privacy-policy\/#primaryimage\"},\"image\":{\"@id\":\"https:\/\/apoloway.com\/privacy-policy\/#primaryimage\"},\"thumbnailUrl\":\"https:\/\/apoloway.com\/wp-content\/uploads\/2023\/12\/logo-links-1-1.png\",\"datePublished\":\"2023-12-09T21:23:27+00:00\",\"dateModified\":\"2023-12-11T00:28:47+00:00\",\"breadcrumb\":{\"@id\":\"https:\/\/apoloway.com\/privacy-policy\/#breadcrumb\"},\"inLanguage\":\"de\",\"potentialAction\":[{\"@type\":\"ReadAction\",\"target\":[\"https:\/\/apoloway.com\/privacy-policy\/\"]}]},{\"@type\":\"ImageObject\",\"inLanguage\":\"de\",\"@id\":\"https:\/\/apoloway.com\/privacy-policy\/#primaryimage\",\"url\":\"https:\/\/apoloway.com\/wp-content\/uploads\/2023\/12\/logo-links-1-1.png\",\"contentUrl\":\"https:\/\/apoloway.com\/wp-content\/uploads\/2023\/12\/logo-links-1-1.png\"},{\"@type\":\"BreadcrumbList\",\"@id\":\"https:\/\/apoloway.com\/privacy-policy\/#breadcrumb\",\"itemListElement\":[{\"@type\":\"ListItem\",\"position\":1,\"name\":\"In\u00edcio\",\"item\":\"https:\/\/apoloway.com\/\"},{\"@type\":\"ListItem\",\"position\":2,\"name\":\"Privacy Policy\"}]},{\"@type\":\"WebSite\",\"@id\":\"https:\/\/apoloway.com\/#website\",\"url\":\"https:\/\/apoloway.com\/\",\"name\":\"Apolo Way Construtora\",\"description\":\"Apolo Way \u00e9 uma construtora que entende esse sonho. Somos uma empresa especializada na constru\u00e7\u00e3o civil, com uma equipa t\u00e9cnica experiente e qualificada. Com tecnologia de constru\u00e7\u00e3o que o mercado exige, os nossos profissionais s\u00e3o atualizados e preparados. \",\"publisher\":{\"@id\":\"https:\/\/apoloway.com\/#organization\"},\"potentialAction\":[{\"@type\":\"SearchAction\",\"target\":{\"@type\":\"EntryPoint\",\"urlTemplate\":\"https:\/\/apoloway.com\/?s={search_term_string}\"},\"query-input\":{\"@type\":\"PropertyValueSpecification\",\"valueRequired\":true,\"valueName\":\"search_term_string\"}}],\"inLanguage\":\"de\"},{\"@type\":\"Organization\",\"@id\":\"https:\/\/apoloway.com\/#organization\",\"name\":\"Apolo Way Construtora\",\"url\":\"https:\/\/apoloway.com\/\",\"logo\":{\"@type\":\"ImageObject\",\"inLanguage\":\"de\",\"@id\":\"https:\/\/apoloway.com\/#\/schema\/logo\/image\/\",\"url\":\"https:\/\/apoloway.com\/wp-content\/uploads\/2024\/01\/cropped-vertical_azul-1.png\",\"contentUrl\":\"https:\/\/apoloway.com\/wp-content\/uploads\/2024\/01\/cropped-vertical_azul-1.png\",\"width\":1621,\"height\":865,\"caption\":\"Apolo Way Construtora\"},\"image\":{\"@id\":\"https:\/\/apoloway.com\/#\/schema\/logo\/image\/\"},\"sameAs\":[\"https:\/\/www.facebook.com\/ApoloWayOficial\",\"https:\/\/www.instagram.com\/apolowayoficial\/\",\"https:\/\/www.youtube.com\/@ApoloWayOficial\"]}]}<\/script>\n<!-- \/ Yoast SEO plugin. -->","yoast_head_json":{"title":"Privacy Policy - Apolo Way Construtora","robots":{"index":"index","follow":"follow","max-snippet":"max-snippet:-1","max-image-preview":"max-image-preview:large","max-video-preview":"max-video-preview:-1"},"canonical":"https:\/\/apoloway.com\/de\/privacy-policy\/","og_locale":"de_DE","og_type":"article","og_title":"Privacy Policy - Apolo Way Construtora","og_description":"Who we are Our website address is: https:\/\/apoloway.com. Comments When visitors leave comments on the site we collect the data shown in the comments form, and also the visitor\u2019s IP address and browser user agent string to help spam detection. An anonymized string created from your email address (also called a hash) may be provided [&hellip;]","og_url":"https:\/\/apoloway.com\/de\/privacy-policy\/","og_site_name":"Apolo Way Construtora","article_publisher":"https:\/\/www.facebook.com\/ApoloWayOficial","article_modified_time":"2023-12-11T00:28:47+00:00","og_image":[{"url":"https:\/\/apoloway.com\/wp-content\/uploads\/2023\/12\/logo-links-1-1.png","type":"","width":"","height":""}],"twitter_card":"summary_large_image","twitter_misc":{"Gesch\u00e4tzte Lesezeit":"3\u00a0Minuten"},"schema":{"@context":"https:\/\/schema.org","@graph":[{"@type":"WebPage","@id":"https:\/\/apoloway.com\/privacy-policy\/","url":"https:\/\/apoloway.com\/privacy-policy\/","name":"Privacy Policy - Apolo Way Construtora","isPartOf":{"@id":"https:\/\/apoloway.com\/#website"},"primaryImageOfPage":{"@id":"https:\/\/apoloway.com\/privacy-policy\/#primaryimage"},"image":{"@id":"https:\/\/apoloway.com\/privacy-policy\/#primaryimage"},"thumbnailUrl":"https:\/\/apoloway.com\/wp-content\/uploads\/2023\/12\/logo-links-1-1.png","datePublished":"2023-12-09T21:23:27+00:00","dateModified":"2023-12-11T00:28:47+00:00","breadcrumb":{"@id":"https:\/\/apoloway.com\/privacy-policy\/#breadcrumb"},"inLanguage":"de","potentialAction":[{"@type":"ReadAction","target":["https:\/\/apoloway.com\/privacy-policy\/"]}]},{"@type":"ImageObject","inLanguage":"de","@id":"https:\/\/apoloway.com\/privacy-policy\/#primaryimage","url":"https:\/\/apoloway.com\/wp-content\/uploads\/2023\/12\/logo-links-1-1.png","contentUrl":"https:\/\/apoloway.com\/wp-content\/uploads\/2023\/12\/logo-links-1-1.png"},{"@type":"BreadcrumbList","@id":"https:\/\/apoloway.com\/privacy-policy\/#breadcrumb","itemListElement":[{"@type":"ListItem","position":1,"name":"In\u00edcio","item":"https:\/\/apoloway.com\/"},{"@type":"ListItem","position":2,"name":"Privacy Policy"}]},{"@type":"WebSite","@id":"https:\/\/apoloway.com\/#website","url":"https:\/\/apoloway.com\/","name":"Apolo Way Construtora","description":"Apolo Way \u00e9 uma construtora que entende esse sonho. Somos uma empresa especializada na constru\u00e7\u00e3o civil, com uma equipa t\u00e9cnica experiente e qualificada. Com tecnologia de constru\u00e7\u00e3o que o mercado exige, os nossos profissionais s\u00e3o atualizados e preparados.","publisher":{"@id":"https:\/\/apoloway.com\/#organization"},"potentialAction":[{"@type":"SearchAction","target":{"@type":"EntryPoint","urlTemplate":"https:\/\/apoloway.com\/?s={search_term_string}"},"query-input":{"@type":"PropertyValueSpecification","valueRequired":true,"valueName":"search_term_string"}}],"inLanguage":"de"},{"@type":"Organization","@id":"https:\/\/apoloway.com\/#organization","name":"Apolo Way Construtora","url":"https:\/\/apoloway.com\/","logo":{"@type":"ImageObject","inLanguage":"de","@id":"https:\/\/apoloway.com\/#\/schema\/logo\/image\/","url":"https:\/\/apoloway.com\/wp-content\/uploads\/2024\/01\/cropped-vertical_azul-1.png","contentUrl":"https:\/\/apoloway.com\/wp-content\/uploads\/2024\/01\/cropped-vertical_azul-1.png","width":1621,"height":865,"caption":"Apolo Way Construtora"},"image":{"@id":"https:\/\/apoloway.com\/#\/schema\/logo\/image\/"},"sameAs":["https:\/\/www.facebook.com\/ApoloWayOficial","https:\/\/www.instagram.com\/apolowayoficial\/","https:\/\/www.youtube.com\/@ApoloWayOficial"]}]}},"_links":{"self":[{"href":"https:\/\/apoloway.com\/de\/wp-json\/wp\/v2\/pages\/3","targetHints":{"allow":["GET"]}}],"collection":[{"href":"https:\/\/apoloway.com\/de\/wp-json\/wp\/v2\/pages"}],"about":[{"href":"https:\/\/apoloway.com\/de\/wp-json\/wp\/v2\/types\/page"}],"author":[{"embeddable":true,"href":"https:\/\/apoloway.com\/de\/wp-json\/wp\/v2\/users\/1"}],"replies":[{"embeddable":true,"href":"https:\/\/apoloway.com\/de\/wp-json\/wp\/v2\/comments?post=3"}],"version-history":[{"count":4,"href":"https:\/\/apoloway.com\/de\/wp-json\/wp\/v2\/pages\/3\/revisions"}],"predecessor-version":[{"id":133,"href":"https:\/\/apoloway.com\/de\/wp-json\/wp\/v2\/pages\/3\/revisions\/133"}],"wp:attachment":[{"href":"https:\/\/apoloway.com\/de\/wp-json\/wp\/v2\/media?parent=3"}],"curies":[{"name":"wp","href":"https:\/\/api.w.org\/{rel}","templated":true}]}}